{"id":76,"date":"2017-03-20T20:53:08","date_gmt":"2017-03-20T20:53:08","guid":{"rendered":"http:\/\/haarstudio-nora.de\/?page_id=76"},"modified":"2023-06-01T21:55:00","modified_gmt":"2023-06-01T21:55:00","slug":"olaplex-wundermittel-fuers-haar","status":"publish","type":"page","link":"https:\/\/haarstudio-nora.de\/?page_id=76","title":{"rendered":"\u00dcber Haarstudio Nora"},"content":{"rendered":"<article class=\"item firstlevel\">\n<h2 style=\"text-align: center;\"><span style=\"font-size: revert;\">Ich bin Maura, <\/span><\/h2>\n<h2 style=\"text-align: center;\"><span style=\"font-size: revert;\">die Inhaberin des Haarstudio Nora in Hildesheim<\/span><span style=\"font-size: revert;\">.<br \/>\nIch bin seit \u00fcber 11 Jahren im Gesch\u00e4ft und habe mein eigenes Unternehmen gegr\u00fcndet, um professionelle Dienstleistungen f\u00fcr Haarschnitte, Farben, Styling und andere Frisur-Services anzubieten. <\/span><\/h2>\n<h2 style=\"text-align: center;\"><span style=\"font-size: revert;\">Mein Ziel ist es, meinen Kunden ein angenehmes und entspanntes Erlebnis zu bieten, w\u00e4hrend ich ihr Haar zu einem Stil verarbeite, der zu ihnen passt. <\/span><\/h2>\n<h2 style=\"text-align: center;\"><span style=\"font-size: revert;\">Ich biete auch eine breite Palette an Haarpflegeprodukten an, um sicherzustellen, dass diejenigen, die meinen Service nutzen, die bestm\u00f6gliche Pflege und Aufmerksamkeit erhalten. <\/span><\/h2>\n<h2 style=\"text-align: center;\"><span style=\"font-size: revert;\">Ich freue mich, meine Kunden in meinem Salon willkommen zu hei\u00dfen.<\/span><\/h2>\n<\/article>\n<article class=\"item\">\n<h4><\/h4>\n<\/article>\n<article class=\"item last\"><\/article>\n","protected":false},"excerpt":{"rendered":"<p>Ich bin Maura, die Inhaberin des Haarstudio Nora in Hildesheim. Ich bin seit \u00fcber 11 Jahren im Gesch\u00e4ft und habe mein eigenes Unternehmen gegr\u00fcndet, um professionelle Dienstleistungen f\u00fcr Haarschnitte, Farben, Styling und andere Frisur-Services anzubieten. Mein Ziel ist es, meinen Kunden ein angenehmes und entspanntes Erlebnis zu bieten, w\u00e4hrend ich ihr Haar zu einem Stil [&hellip;]<\/p>\n","protected":false},"author":1,"featured_media":0,"parent":0,"menu_order":0,"comment_status":"closed","ping_status":"closed","template":"","meta":[],"_links":{"self":[{"href":"https:\/\/haarstudio-nora.de\/index.php?rest_route=\/wp\/v2\/pages\/76"}],"collection":[{"href":"https:\/\/haarstudio-nora.de\/index.php?rest_route=\/wp\/v2\/pages"}],"about":[{"href":"https:\/\/haarstudio-nora.de\/index.php?rest_route=\/wp\/v2\/types\/page"}],"author":[{"embeddable":true,"href":"https:\/\/haarstudio-nora.de\/index.php?rest_route=\/wp\/v2\/users\/1"}],"replies":[{"embeddable":true,"href":"https:\/\/haarstudio-nora.de\/index.php?rest_route=%2Fwp%2Fv2%2Fcomments&post=76"}],"version-history":[{"count":8,"href":"https:\/\/haarstudio-nora.de\/index.php?rest_route=\/wp\/v2\/pages\/76\/revisions"}],"predecessor-version":[{"id":434,"href":"https:\/\/haarstudio-nora.de\/index.php?rest_route=\/wp\/v2\/pages\/76\/revisions\/434"}],"wp:attachment":[{"href":"https:\/\/haarstudio-nora.de\/index.php?rest_route=%2Fwp%2Fv2%2Fmedia&parent=76"}],"curies":[{"name":"wp","href":"https:\/\/api.w.org\/{rel}","templated":true}]}}