{"id":20,"date":"2017-03-20T19:56:01","date_gmt":"2017-03-20T19:56:01","guid":{"rendered":"http:\/\/haarstudio-nora.de\/?page_id=20"},"modified":"2024-03-09T18:47:06","modified_gmt":"2024-03-09T18:47:06","slug":"impressum","status":"publish","type":"page","link":"https:\/\/haarstudio-nora.de\/?page_id=20","title":{"rendered":"\u00d6ffnungszeiten &#8211; Impressum"},"content":{"rendered":"<p><b>\u00d6ffnungszeiten<\/b><\/p>\n<p>Wir haben f\u00fcr Sie ge\u00f6ffnet:<\/p>\n<p>Di &#8211; Fr\u00a0\u00a0 9:00 &#8211; 18:00<\/p>\n<p>Sa\u00a0\u00a0\u00a0\u00a0\u00a0\u00a0\u00a0\u00a0\u00a0 9:00 &#8211; 14:00<\/p>\n<p>Leunisstr.1, 31137 Hildesheim<\/p>\n<p><img decoding=\"async\" src=\"data:image\/png;base64,iVBORw0KGgoAAAANSUhEUgAAAJMAAACRCAIAAABITx1JAAAGO0lEQVR4nO2YO5ZkMQxCe\/+b7gmd2CWuwc\/1pkXogxCIoD4\/v4134ue2gcYmurm3opt7K7q5t2LZ3M8BKLtSnG\/QTGG+6LqDjQtSz7c0U5gvuu5g44LU8y3NFOaLrjvYuCD1fEszhfkiJ5WClU7qCinPVP+EB6TTzRW7HA71gHS6uWKXw6EekE43V+xyONQD0sHNpa6p6Dj6zq4PBy3h5EW5urlCn8LJi3J1c4U+hZMX5ermCn0KJy\/Kda05R5PqUD9UU9GnGctd9x1saFId6odqKvo0Y7nrvoMNTapD\/VBNRZ9mLHfdd7ChSXWoH6qp6NOM5a6v+Iay8uB4o7MK39FP3W0QbjlQruB4o7MK39FP3W0QbjlQruB4o7MK39FP3W0QbjlQruB4o7MK39FP3W0QUglTSegs1XT4jjeKUqebA3zHG0Wp080BvuONotTp5gDf8UZR6li\/jimc5G98T2Fe0PT1AQd\/4T2FeUHT1wcc\/IX3FOYFTV8fcPAX3lOYFzR9fQDI5e+9Cyq7rqCb6+bo4m7OQzf33zWXSqLoUE0HNJcCOkv9zIOkEjo6VNOBc83ULPUzD5JK6OhQTQfONVOz1M88SCqho0M1HTjXTM1SP\/MgqbQrvqLv7HLg7KraUe+z4pc63dzmrtUsvc+KX+p0c5u7VrP0Pit+qdPNbe5azdL7rPilzte5VDQp6HUcz04WNNvNbfpRbkKzoNlubtOPchOaBc12c5t+lJvQLGjW+pZBHdMkCuilqE+q+ViWbq7wSTUfy9LNFT6p5mNZurnCJ9V8LAt2c+I6NJXjWYHih+Z1NOcEOkkv6Og4exU\/qYundJQsg0An6QUdHWev4id18ZSOkmUQ6CS9oKPj7FX8pC6e0lGyDIKj4rTiXJl6djRT2eN5u7mAz9Q78tbNBXym3pG3bi7gM\/WOvB355ag4KJ192OX4pByaReFHMnZzBYdmUfiRjN1cwaFZFH4kYzdXcGgWhR\/JaH3aOw5oWoWvzJ7O6PhR9g5yyQimUjTpRejs6YyOH2XvIJeMYCpFk16Ezp7O6PhR9g5yyQimUjTpRejs6YyOH2XvIKecOUmc5Kd9OjrKO73\/INBJJ4niPqWZ8unoKO\/0\/oNAJ50kivuUZsqno6O80\/sPAp10kijuU5opn46O8k7vPwjOBamzVCoHJ3w6rWxn7+YCPru5bo4ESal3c29tjuqkNB0PqV0rDs2OfHZzgV0rDs2OfHZzgV0rDs2OfHZzgV0rDs2OfD76j2pKR9E\/wV95plA81CZT7pXZlA69Qoq\/7oJB8VCbTLlXZlM69Aop\/roLBsVDbTLlXplN6dArpPjrLhgUD7XJiMrv+W8iyjWf1DzRCtLp5jY1Uxm3s3Rzm5qpjNtZurlNzVTG7SyxT2zqwLmOcynF8y1vis9BcFTou8NJXUfxfMub4nMQHBX67nBS11E83\/Km+BwER4W+O5zUdRTPt7wpPgeBOqNbU1dOXSqls9Kke7c1u7mwT7p3W7ObC\/uke7c1u7mwT7p3W\/PIP7CKprKLXjl1HccDzbjtv5sDOqm8Ef\/dHNBJ5Y347+aATipvxH8slaKjaCrvDsfJteI4WHku0c0FOA5Wnkt0cwGOg5XnEt1cgONg5bmE9W3CgZPQ4Zzeq+SN8Lu58F4lb4TfzYX3Knkj\/G4uvFfJG+HjT\/XTV3Bmnas5Hpx3yhlkJwmFo6\/MOhdxPDjvlDPIThIKR1+ZdS7ieHDeKWeQnSQUjr4y61zE8eC8U84gR1Q+LTB06KxzTaWtE9620c11cwd0urlPgqc3dXN7\/FqQbqJp6RXoXurtG3atNBG6uQu7VpoI3dyFXStNhG7uwq6VJsK15px35woKX9mVguJ5bpImpG5OvDtXUPjKrhQUz3OTNCF1c+LduYLCV3aloHiem6QJqZsT784VFL6yKwXF89wkTUjdKC7prpT+k7kUTaTfzT2US9FE+t3cQ7kUTaTfzT2US9FE+rF\/VKlOKsnpKyscBdRPiW5uU4eC+inRzW3qUFA\/Jbq5TR0K6qfEo79G4+43oPhRvDk6kZt0c0XeEzqRm3RzRd4TOpGbdHNF3hM6kZs8erVGEN3cW9HNvRXd3FvRzb0V3dxb0c29Fd3cW\/EPrKgs9JHJC10AAAAASUVORK5CYII=\" alt=\"\" \/><\/p>\n<p><b>Impressum:<\/b><\/p>\n<p>Haarstudio Nora<\/p>\n<p>Info@haarstudio-nora.de<\/p>\n<p>Maura Osmani<\/p>\n<p>Friseurmeisterin<\/p>\n<pre><span style=\"color: #000000;\">Tel.: 05121 7558309 <\/span><\/pre>\n<p>Leunisstr. 1<\/p>\n<p>31137 Hildesheim<\/p>\n<p>Inhaltlich verantwortlich: Maura Osmani<\/p>\n","protected":false},"excerpt":{"rendered":"<p>\u00d6ffnungszeiten Wir haben f\u00fcr Sie ge\u00f6ffnet: Di &#8211; Fr\u00a0\u00a0 9:00 &#8211; 18:00 Sa\u00a0\u00a0\u00a0\u00a0\u00a0\u00a0\u00a0\u00a0\u00a0 9:00 &#8211; 14:00 Leunisstr.1, 31137 Hildesheim Impressum: Haarstudio Nora Info@haarstudio-nora.de Maura Osmani Friseurmeisterin Tel.: 05121 7558309 Leunisstr. 1 31137 Hildesheim Inhaltlich verantwortlich: Maura Osmani<\/p>\n","protected":false},"author":1,"featured_media":0,"parent":0,"menu_order":0,"comment_status":"closed","ping_status":"closed","template":"","meta":[],"_links":{"self":[{"href":"https:\/\/haarstudio-nora.de\/index.php?rest_route=\/wp\/v2\/pages\/20"}],"collection":[{"href":"https:\/\/haarstudio-nora.de\/index.php?rest_route=\/wp\/v2\/pages"}],"about":[{"href":"https:\/\/haarstudio-nora.de\/index.php?rest_route=\/wp\/v2\/types\/page"}],"author":[{"embeddable":true,"href":"https:\/\/haarstudio-nora.de\/index.php?rest_route=\/wp\/v2\/users\/1"}],"replies":[{"embeddable":true,"href":"https:\/\/haarstudio-nora.de\/index.php?rest_route=%2Fwp%2Fv2%2Fcomments&post=20"}],"version-history":[{"count":15,"href":"https:\/\/haarstudio-nora.de\/index.php?rest_route=\/wp\/v2\/pages\/20\/revisions"}],"predecessor-version":[{"id":492,"href":"https:\/\/haarstudio-nora.de\/index.php?rest_route=\/wp\/v2\/pages\/20\/revisions\/492"}],"wp:attachment":[{"href":"https:\/\/haarstudio-nora.de\/index.php?rest_route=%2Fwp%2Fv2%2Fmedia&parent=20"}],"curies":[{"name":"wp","href":"https:\/\/api.w.org\/{rel}","templated":true}]}}