{"id":117,"date":"2018-05-28T20:04:50","date_gmt":"2018-05-28T20:04:50","guid":{"rendered":"http:\/\/haarstudio-nora.de\/?page_id=117"},"modified":"2023-06-01T20:02:04","modified_gmt":"2023-06-01T20:02:04","slug":"datenschutzerklaerung","status":"publish","type":"page","link":"https:\/\/haarstudio-nora.de\/?page_id=117","title":{"rendered":"Datenschutzerkl\u00e4rung"},"content":{"rendered":"<p>Datenschutzerkl\u00e4rung der Haarstudio Nora<\/p>\n<p>Wir nehmen Datenschutz ernst<\/p>\n<p>Der Schutz Ihrer Privatsph\u00e4re bei der Verarbeitung pers\u00f6nlicher Daten ist f\u00fcr uns ein wichtiges Anliegen. Wenn Sie unsere Webseite besuchen, speichern unsere Webserver standardm\u00e4\u00dfig die IP Ihres Internet Service Provider, die Webseite, von der aus Sie uns besuchen, die Webseiten, die Sie bei uns besuchen sowie das Datum und die Dauer des Besuches. Diese Informationen sind f\u00fcr die technische \u00dcbertragung der Webseiten und den sicheren Serverbetrieb zwingend erforderlich. Eine personalisierte Auswertung dieser Daten erfolgt nicht.<br \/>\nSofern Sie uns Daten per Kontakt-Formular senden, werden diese Daten im Zuge der Datensicherung auf unseren Servern gespeichert. Ihre Daten werden von uns ausschlie\u00dflich zur Bearbeitung Ihres Anliegens verwendet. Ihre Daten werden streng vertraulich behandelt. Eine Weitergabe an Dritte erfolgt nicht.<br \/>\nVerantwortliche Stelle:<br \/>\nHaarstudio Nora<\/p>\n<p>Leunisstr.1<\/p>\n<p>31137 Hildesheim<\/p>\n<p>Tel.: +49 5121 7558309<\/p>\n<p>E-Mail: info@haarstudio-nora.de<\/p>\n<p>Personenbezogene Daten<br \/>\nPersonenbezogene Daten sind Daten \u00fcber Ihre Person. Diese beinhalten Ihren Namen, Ihre Adresse und Ihre Email Adresse. Sie m\u00fcssen auch keine personenbezogenen Daten preisgeben um unsere Internetseite besuchen zu k\u00f6nnen. In einigen F\u00e4llen ben\u00f6tigen wir Ihren Namen und Adresse sowie weitere Informationen um Ihnen die gew\u00fcnschte Dienstleistung anbieten zu k\u00f6nnen.<br \/>\nDas Gleiche gilt f\u00fcr den Fall, dass wir Sie auf Wunsch mit Informationsmaterial beliefern bzw. wenn wir Ihre Anfragen beantworten. In diesen F\u00e4llen werden wir Sie immer darauf hinweisen. Au\u00dferdem speichern wir nur die Daten, die Sie uns automatisch oder freiwillig \u00fcbermittelt haben.<br \/>\nWenn Sie einen unserer Services nutzen, sammeln wir in der Regel nur die Daten die notwendig sind um Ihnen unseren Service bieten zu k\u00f6nnen. M\u00f6glicherweise fragen wir Sie nach weiteren Informationen, die aber freiwilliger Natur sind. Wann immer wir personenbezogene Daten verarbeiten, tun wir dies um Ihnen unseren Service anbieten zu k\u00f6nnen oder um unsere kommerziellen Ziele zu verfolgen.<br \/>\nAutomatisch gespeicherte nicht personenbezogene Daten<br \/>\nWenn Sie unsere Internetseiten besuchen, speichern wir aus administrativen und technischen Gr\u00fcnden bestimmte Informationen. Diese sind: Typ und Version des verwendeten Browsers, Datum und Uhrzeit des Zugriffs, sowie die IP Adresse.<br \/>\nDiese Daten werden anonymisiert und lediglich f\u00fcr statistische Zwecke bzw. daf\u00fcr verwendet, unsere Internet- und Onlinedienste zu verbessern.<\/p>\n<p>Diese anonymisierten Daten werden &#8211; getrennt von personenbezogenen Daten &#8211; auf sicheren Systemen gespeichert und k\u00f6nnen keinen individuellen Personen zugeordnet werden. Das bedeutet, dass Ihre personenbezogenen Daten jederzeit gesch\u00fctzt bleiben.<br \/>\nCookies<br \/>\nWenn Sie unsere Internetseiten besuchen speichern wir m\u00f6glicherweise Informationen auf Ihrem Computer in Form von Cookies. Cookies sind kleine Dateien die von einem Internetserver an Ihren Browser \u00fcbertragen und auf dessen Festplatte gespeichert werden. Die Rechtsgrundlage f\u00fcr die Verwendung von Cookies stellt dabei Art. 6 Abs. 1 lit f DSGVO dar.<\/p>\n<p>Lediglich die Internet Protokoll Adresse wird hierbei gespeichert \u2013 keine sonstigen personenbezogenen Daten. Diese Information die in den Cookies gespeichert wird erlaubt es, Sie bei dem n\u00e4chsten Besuch auf unserer Internetseite automatisch wiederzuerkennen, wodurch Ihnen die Nutzung erleichtert wird.<br \/>\nNat\u00fcrlich k\u00f6nnen Sie unsere Internetseiten auch besuchen ohne Cookies zu akzeptieren. Wenn Sie nicht m\u00f6chten, dass Ihr Computer beim n\u00e4chsten Besuch wiedererkannt wird k\u00f6nnen Sie die Verwendung von Cookies auch ablehnen indem Sie die Einstellungen in Ihrem Browser auf \u201eCookies ablehnen\u201c \u00e4ndern. Die jeweilige Vorgehensweise finden Sie in der Bedienungsanleitung Ihres jeweiligen Browsers. Wenn Sie die Verwendung von Cookies ablehnen, kann es jedoch zu Einschr\u00e4nkungen in der Nutzung mancher Bereiche unserer Internetseiten kommen.<\/p>\n","protected":false},"excerpt":{"rendered":"<p>Datenschutzerkl\u00e4rung der Haarstudio Nora Wir nehmen Datenschutz ernst Der Schutz Ihrer Privatsph\u00e4re bei der Verarbeitung pers\u00f6nlicher Daten ist f\u00fcr uns ein wichtiges Anliegen. Wenn Sie unsere Webseite besuchen, speichern unsere Webserver standardm\u00e4\u00dfig die IP Ihres Internet Service Provider, die Webseite, von der aus Sie uns besuchen, die Webseiten, die Sie bei uns besuchen sowie das [&hellip;]<\/p>\n","protected":false},"author":1,"featured_media":0,"parent":0,"menu_order":0,"comment_status":"closed","ping_status":"closed","template":"","meta":[],"_links":{"self":[{"href":"https:\/\/haarstudio-nora.de\/index.php?rest_route=\/wp\/v2\/pages\/117"}],"collection":[{"href":"https:\/\/haarstudio-nora.de\/index.php?rest_route=\/wp\/v2\/pages"}],"about":[{"href":"https:\/\/haarstudio-nora.de\/index.php?rest_route=\/wp\/v2\/types\/page"}],"author":[{"embeddable":true,"href":"https:\/\/haarstudio-nora.de\/index.php?rest_route=\/wp\/v2\/users\/1"}],"replies":[{"embeddable":true,"href":"https:\/\/haarstudio-nora.de\/index.php?rest_route=%2Fwp%2Fv2%2Fcomments&post=117"}],"version-history":[{"count":2,"href":"https:\/\/haarstudio-nora.de\/index.php?rest_route=\/wp\/v2\/pages\/117\/revisions"}],"predecessor-version":[{"id":133,"href":"https:\/\/haarstudio-nora.de\/index.php?rest_route=\/wp\/v2\/pages\/117\/revisions\/133"}],"wp:attachment":[{"href":"https:\/\/haarstudio-nora.de\/index.php?rest_route=%2Fwp%2Fv2%2Fmedia&parent=117"}],"curies":[{"name":"wp","href":"https:\/\/api.w.org\/{rel}","templated":true}]}}